{"id":98,"date":"2025-09-04T15:47:04","date_gmt":"2025-09-04T15:47:04","guid":{"rendered":"https:\/\/neurofuel.coffee\/co\/?post_type=product&#038;p=98"},"modified":"2025-09-04T15:52:19","modified_gmt":"2025-09-04T15:52:19","slug":"cafe-colombiano-especial-con-colageno-funcional","status":"publish","type":"product","link":"https:\/\/neurofuel.coffee\/co\/product\/cafe-colombiano-especial-con-colageno-funcional\/","title":{"rendered":"Caf\u00e9 Colombiano Especial con Col\u00e1geno Funcional"},"content":{"rendered":"<p>Descripci\u00f3n<br \/>\nBeneficios:<\/p>\n<ul>\n<li>Reducci\u00f3n de las arrugas y piel radiante.<\/li>\n<li>Cabello y u\u00f1as m\u00e1s fuertes.<\/li>\n<li>Mejora de la salud de las articulaciones y los huesos.<\/li>\n<li>Sistema digestivo m\u00e1s saludable.<\/li>\n<\/ul>\n","protected":false},"excerpt":{"rendered":"<p>Neurofuel Collagen Coffee elimina la necesidad de utilizar polvos externos. El col\u00e1geno se fusiona directamente con el grano, lo que garantiza una absorci\u00f3n \u00f3ptima en cada taza.<\/p>\n","protected":false},"featured_media":34,"comment_status":"open","ping_status":"closed","template":"","meta":{"_et_pb_use_builder":"","_et_pb_old_content":"","_et_gb_content_width":""},"product_brand":[],"product_cat":[16],"product_tag":[],"class_list":{"0":"post-98","1":"product","2":"type-product","3":"status-publish","4":"has-post-thumbnail","6":"product_cat-uncategorized","8":"first","9":"instock","10":"sale","11":"shipping-taxable","12":"purchasable","13":"product-type-simple"},"_links":{"self":[{"href":"https:\/\/neurofuel.coffee\/co\/wp-json\/wp\/v2\/product\/98","targetHints":{"allow":["GET"]}}],"collection":[{"href":"https:\/\/neurofuel.coffee\/co\/wp-json\/wp\/v2\/product"}],"about":[{"href":"https:\/\/neurofuel.coffee\/co\/wp-json\/wp\/v2\/types\/product"}],"replies":[{"embeddable":true,"href":"https:\/\/neurofuel.coffee\/co\/wp-json\/wp\/v2\/comments?post=98"}],"wp:featuredmedia":[{"embeddable":true,"href":"https:\/\/neurofuel.coffee\/co\/wp-json\/wp\/v2\/media\/34"}],"wp:attachment":[{"href":"https:\/\/neurofuel.coffee\/co\/wp-json\/wp\/v2\/media?parent=98"}],"wp:term":[{"taxonomy":"product_brand","embeddable":true,"href":"https:\/\/neurofuel.coffee\/co\/wp-json\/wp\/v2\/product_brand?post=98"},{"taxonomy":"product_cat","embeddable":true,"href":"https:\/\/neurofuel.coffee\/co\/wp-json\/wp\/v2\/product_cat?post=98"},{"taxonomy":"product_tag","embeddable":true,"href":"https:\/\/neurofuel.coffee\/co\/wp-json\/wp\/v2\/product_tag?post=98"}],"curies":[{"name":"wp","href":"https:\/\/api.w.org\/{rel}","templated":true}]}}